{"id":8024,"date":"2021-03-10T13:34:10","date_gmt":"2021-03-10T13:34:10","guid":{"rendered":"https:\/\/cinode.com\/?page_id=8024"},"modified":"2023-11-01T13:14:48","modified_gmt":"2023-11-01T12:14:48","slug":"free","status":"publish","type":"page","link":"https:\/\/cinode.com\/fi\/free\/","title":{"rendered":"Free"},"content":{"rendered":"","protected":false},"excerpt":{"rendered":"","protected":false},"author":182,"featured_media":36498,"parent":0,"menu_order":0,"comment_status":"closed","ping_status":"closed","template":"tpl-product.php","meta":{"_acf_changed":false,"footnotes":""},"class_list":["post-8024","page","type-page","status-publish","has-post-thumbnail","hentry"],"acf":[],"yoast_head":"<!-- This site is optimized with the Yoast SEO Premium plugin v27.4 (Yoast SEO v27.4) - https:\/\/yoast.com\/product\/yoast-seo-premium-wordpress\/ -->\n<title>Free - Cinode<\/title>\n<meta name=\"description\" content=\"L\u00f6yd\u00e4 keskeiset oivallukset Free\" \/>\n<meta name=\"robots\" content=\"index, follow, max-snippet:-1, max-image-preview:large, max-video-preview:-1\" \/>\n<link rel=\"canonical\" href=\"https:\/\/cinode.com\/fi\/free\/\" \/>\n<meta property=\"og:locale\" content=\"fi_FI\" \/>\n<meta property=\"og:type\" content=\"article\" \/>\n<meta property=\"og:title\" content=\"Network\" \/>\n<meta property=\"og:description\" content=\"L\u00f6yd\u00e4 keskeiset oivallukset Free\" \/>\n<meta property=\"og:url\" content=\"https:\/\/cinode.com\/fi\/free\/\" \/>\n<meta property=\"og:site_name\" content=\"Cinode\" \/>\n<meta property=\"article:publisher\" content=\"https:\/\/www.facebook.com\/Cinode\/\" \/>\n<meta property=\"article:modified_time\" content=\"2023-11-01T12:14:48+00:00\" \/>\n<meta property=\"og:image\" content=\"https:\/\/cinode.com\/wp-content\/uploads\/2021\/03\/og_image.jpg\" \/>\n\t<meta property=\"og:image:width\" content=\"1200\" \/>\n\t<meta property=\"og:image:height\" content=\"627\" \/>\n\t<meta property=\"og:image:type\" content=\"image\/jpeg\" \/>\n<meta name=\"twitter:card\" content=\"summary_large_image\" \/>\n<meta name=\"twitter:title\" content=\"Network\" \/>\n<meta name=\"twitter:image\" content=\"https:\/\/cinode.com\/wp-content\/uploads\/2021\/03\/og_image.jpg\" \/>\n<script type=\"application\/ld+json\" class=\"yoast-schema-graph\">{\"@context\":\"https:\\\/\\\/schema.org\",\"@graph\":[{\"@type\":\"WebPage\",\"@id\":\"https:\\\/\\\/cinode.com\\\/fi\\\/free\\\/\",\"url\":\"https:\\\/\\\/cinode.com\\\/fi\\\/free\\\/\",\"name\":\"Free - Cinode\",\"isPartOf\":{\"@id\":\"https:\\\/\\\/cinode.com\\\/fi\\\/#website\"},\"primaryImageOfPage\":{\"@id\":\"https:\\\/\\\/cinode.com\\\/fi\\\/free\\\/#primaryimage\"},\"image\":{\"@id\":\"https:\\\/\\\/cinode.com\\\/fi\\\/free\\\/#primaryimage\"},\"thumbnailUrl\":\"https:\\\/\\\/cinode.com\\\/wp-content\\\/uploads\\\/2018\\\/03\\\/Cinode-Free.-1200-\u00d7-800-px-2.png\",\"datePublished\":\"2021-03-10T13:34:10+00:00\",\"dateModified\":\"2023-11-01T12:14:48+00:00\",\"description\":\"L\u00f6yd\u00e4 keskeiset oivallukset Free\",\"breadcrumb\":{\"@id\":\"https:\\\/\\\/cinode.com\\\/fi\\\/free\\\/#breadcrumb\"},\"inLanguage\":\"fi\",\"potentialAction\":[{\"@type\":\"ReadAction\",\"target\":[\"https:\\\/\\\/cinode.com\\\/fi\\\/free\\\/\"]}]},{\"@type\":\"ImageObject\",\"inLanguage\":\"fi\",\"@id\":\"https:\\\/\\\/cinode.com\\\/fi\\\/free\\\/#primaryimage\",\"url\":\"https:\\\/\\\/cinode.com\\\/wp-content\\\/uploads\\\/2018\\\/03\\\/Cinode-Free.-1200-\u00d7-800-px-2.png\",\"contentUrl\":\"https:\\\/\\\/cinode.com\\\/wp-content\\\/uploads\\\/2018\\\/03\\\/Cinode-Free.-1200-\u00d7-800-px-2.png\",\"width\":1200,\"height\":800,\"caption\":\"Cinode Free\"},{\"@type\":\"BreadcrumbList\",\"@id\":\"https:\\\/\\\/cinode.com\\\/fi\\\/free\\\/#breadcrumb\",\"itemListElement\":[{\"@type\":\"ListItem\",\"position\":1,\"name\":\"Home\",\"item\":\"https:\\\/\\\/cinode.com\\\/fi\\\/\"},{\"@type\":\"ListItem\",\"position\":2,\"name\":\"Free\"}]},{\"@type\":\"WebSite\",\"@id\":\"https:\\\/\\\/cinode.com\\\/fi\\\/#website\",\"url\":\"https:\\\/\\\/cinode.com\\\/fi\\\/\",\"name\":\"Cinode.com\",\"description\":\"The all-in-one platform that boost your consultancy&#039;s growth.\",\"publisher\":{\"@id\":\"https:\\\/\\\/cinode.com\\\/fi\\\/#organization\"},\"potentialAction\":[{\"@type\":\"SearchAction\",\"target\":{\"@type\":\"EntryPoint\",\"urlTemplate\":\"https:\\\/\\\/cinode.com\\\/fi\\\/?s={search_term_string}\"},\"query-input\":{\"@type\":\"PropertyValueSpecification\",\"valueRequired\":true,\"valueName\":\"search_term_string\"}}],\"inLanguage\":\"fi\"},{\"@type\":[\"Organization\",\"Place\"],\"@id\":\"https:\\\/\\\/cinode.com\\\/fi\\\/#organization\",\"name\":\"Cinode\",\"url\":\"https:\\\/\\\/cinode.com\\\/fi\\\/\",\"logo\":{\"@id\":\"https:\\\/\\\/cinode.com\\\/fi\\\/free\\\/#local-main-organization-logo\"},\"image\":{\"@id\":\"https:\\\/\\\/cinode.com\\\/fi\\\/free\\\/#local-main-organization-logo\"},\"sameAs\":[\"https:\\\/\\\/www.facebook.com\\\/Cinode\\\/\",\"https:\\\/\\\/se.linkedin.com\\\/company\\\/cinode\"],\"address\":{\"@id\":\"https:\\\/\\\/cinode.com\\\/fi\\\/free\\\/#local-main-place-address\"},\"telephone\":[],\"openingHoursSpecification\":[{\"@type\":\"OpeningHoursSpecification\",\"dayOfWeek\":[\"Monday\",\"Tuesday\",\"Wednesday\",\"Thursday\",\"Friday\",\"Saturday\",\"Sunday\"],\"opens\":\"09:00\",\"closes\":\"17:00\"}]},{\"@type\":\"PostalAddress\",\"@id\":\"https:\\\/\\\/cinode.com\\\/fi\\\/free\\\/#local-main-place-address\",\"streetAddress\":\"Olof Palmesgata 11\",\"addressLocality\":\"Stockholm\",\"postalCode\":\"11827\",\"addressCountry\":\"SE\"},{\"@type\":\"ImageObject\",\"inLanguage\":\"fi\",\"@id\":\"https:\\\/\\\/cinode.com\\\/fi\\\/free\\\/#local-main-organization-logo\",\"url\":\"https:\\\/\\\/cinode.com\\\/wp-content\\\/uploads\\\/2023\\\/01\\\/Cinode_logo_orange.png\",\"contentUrl\":\"https:\\\/\\\/cinode.com\\\/wp-content\\\/uploads\\\/2023\\\/01\\\/Cinode_logo_orange.png\",\"width\":1000,\"height\":254,\"caption\":\"Cinode\"}]}<\/script>\n<meta name=\"geo.placename\" content=\"Stockholm\" \/>\n<meta name=\"geo.region\" content=\"Ruotsi\" \/>\n<!-- \/ Yoast SEO Premium plugin. -->","yoast_head_json":{"title":"Free - Cinode","description":"L\u00f6yd\u00e4 keskeiset oivallukset Free","robots":{"index":"index","follow":"follow","max-snippet":"max-snippet:-1","max-image-preview":"max-image-preview:large","max-video-preview":"max-video-preview:-1"},"canonical":"https:\/\/cinode.com\/fi\/free\/","og_locale":"fi_FI","og_type":"article","og_title":"Network","og_description":"L\u00f6yd\u00e4 keskeiset oivallukset Free","og_url":"https:\/\/cinode.com\/fi\/free\/","og_site_name":"Cinode","article_publisher":"https:\/\/www.facebook.com\/Cinode\/","article_modified_time":"2023-11-01T12:14:48+00:00","og_image":[{"width":1200,"height":627,"url":"https:\/\/cinode.com\/wp-content\/uploads\/2021\/03\/og_image.jpg","type":"image\/jpeg"}],"twitter_card":"summary_large_image","twitter_title":"Network","twitter_image":"https:\/\/cinode.com\/wp-content\/uploads\/2021\/03\/og_image.jpg","schema":{"@context":"https:\/\/schema.org","@graph":[{"@type":"WebPage","@id":"https:\/\/cinode.com\/fi\/free\/","url":"https:\/\/cinode.com\/fi\/free\/","name":"Free - Cinode","isPartOf":{"@id":"https:\/\/cinode.com\/fi\/#website"},"primaryImageOfPage":{"@id":"https:\/\/cinode.com\/fi\/free\/#primaryimage"},"image":{"@id":"https:\/\/cinode.com\/fi\/free\/#primaryimage"},"thumbnailUrl":"https:\/\/cinode.com\/wp-content\/uploads\/2018\/03\/Cinode-Free.-1200-\u00d7-800-px-2.png","datePublished":"2021-03-10T13:34:10+00:00","dateModified":"2023-11-01T12:14:48+00:00","description":"L\u00f6yd\u00e4 keskeiset oivallukset Free","breadcrumb":{"@id":"https:\/\/cinode.com\/fi\/free\/#breadcrumb"},"inLanguage":"fi","potentialAction":[{"@type":"ReadAction","target":["https:\/\/cinode.com\/fi\/free\/"]}]},{"@type":"ImageObject","inLanguage":"fi","@id":"https:\/\/cinode.com\/fi\/free\/#primaryimage","url":"https:\/\/cinode.com\/wp-content\/uploads\/2018\/03\/Cinode-Free.-1200-\u00d7-800-px-2.png","contentUrl":"https:\/\/cinode.com\/wp-content\/uploads\/2018\/03\/Cinode-Free.-1200-\u00d7-800-px-2.png","width":1200,"height":800,"caption":"Cinode Free"},{"@type":"BreadcrumbList","@id":"https:\/\/cinode.com\/fi\/free\/#breadcrumb","itemListElement":[{"@type":"ListItem","position":1,"name":"Home","item":"https:\/\/cinode.com\/fi\/"},{"@type":"ListItem","position":2,"name":"Free"}]},{"@type":"WebSite","@id":"https:\/\/cinode.com\/fi\/#website","url":"https:\/\/cinode.com\/fi\/","name":"Cinode.com","description":"The all-in-one platform that boost your consultancy&#039;s growth.","publisher":{"@id":"https:\/\/cinode.com\/fi\/#organization"},"potentialAction":[{"@type":"SearchAction","target":{"@type":"EntryPoint","urlTemplate":"https:\/\/cinode.com\/fi\/?s={search_term_string}"},"query-input":{"@type":"PropertyValueSpecification","valueRequired":true,"valueName":"search_term_string"}}],"inLanguage":"fi"},{"@type":["Organization","Place"],"@id":"https:\/\/cinode.com\/fi\/#organization","name":"Cinode","url":"https:\/\/cinode.com\/fi\/","logo":{"@id":"https:\/\/cinode.com\/fi\/free\/#local-main-organization-logo"},"image":{"@id":"https:\/\/cinode.com\/fi\/free\/#local-main-organization-logo"},"sameAs":["https:\/\/www.facebook.com\/Cinode\/","https:\/\/se.linkedin.com\/company\/cinode"],"address":{"@id":"https:\/\/cinode.com\/fi\/free\/#local-main-place-address"},"telephone":[],"openingHoursSpecification":[{"@type":"OpeningHoursSpecification","dayOfWeek":["Monday","Tuesday","Wednesday","Thursday","Friday","Saturday","Sunday"],"opens":"09:00","closes":"17:00"}]},{"@type":"PostalAddress","@id":"https:\/\/cinode.com\/fi\/free\/#local-main-place-address","streetAddress":"Olof Palmesgata 11","addressLocality":"Stockholm","postalCode":"11827","addressCountry":"SE"},{"@type":"ImageObject","inLanguage":"fi","@id":"https:\/\/cinode.com\/fi\/free\/#local-main-organization-logo","url":"https:\/\/cinode.com\/wp-content\/uploads\/2023\/01\/Cinode_logo_orange.png","contentUrl":"https:\/\/cinode.com\/wp-content\/uploads\/2023\/01\/Cinode_logo_orange.png","width":1000,"height":254,"caption":"Cinode"}]},"geo.placename":"Stockholm","geo.region":"Ruotsi"},"_links":{"self":[{"href":"https:\/\/cinode.com\/fi\/wp-json\/wp\/v2\/pages\/8024","targetHints":{"allow":["GET"]}}],"collection":[{"href":"https:\/\/cinode.com\/fi\/wp-json\/wp\/v2\/pages"}],"about":[{"href":"https:\/\/cinode.com\/fi\/wp-json\/wp\/v2\/types\/page"}],"author":[{"embeddable":true,"href":"https:\/\/cinode.com\/fi\/wp-json\/wp\/v2\/users\/182"}],"replies":[{"embeddable":true,"href":"https:\/\/cinode.com\/fi\/wp-json\/wp\/v2\/comments?post=8024"}],"version-history":[{"count":0,"href":"https:\/\/cinode.com\/fi\/wp-json\/wp\/v2\/pages\/8024\/revisions"}],"wp:featuredmedia":[{"embeddable":true,"href":"https:\/\/cinode.com\/fi\/wp-json\/wp\/v2\/media\/36498"}],"wp:attachment":[{"href":"https:\/\/cinode.com\/fi\/wp-json\/wp\/v2\/media?parent=8024"}],"curies":[{"name":"wp","href":"https:\/\/api.w.org\/{rel}","templated":true}]}}