{"id":5736,"date":"2018-03-21T17:27:55","date_gmt":"2018-03-21T17:27:55","guid":{"rendered":"https:\/\/cinode.com\/sa-skapar-du-vinnande-konsultprofiler\/"},"modified":"2021-12-21T19:40:40","modified_gmt":"2021-12-21T18:40:40","slug":"kuinka-luoda-konsulteille-ammattimaiset-cvt","status":"publish","type":"page","link":"https:\/\/cinode.com\/fi\/kuinka-luoda-konsulteille-ammattimaiset-cvt\/","title":{"rendered":"Opas: Kuinka luoda konsulteille ammattimaiset CV:t?"},"content":{"rendered":"","protected":false},"excerpt":{"rendered":"","protected":false},"author":1,"featured_media":9311,"parent":0,"menu_order":0,"comment_status":"open","ping_status":"open","template":"tpl-form.php","meta":{"_acf_changed":false,"footnotes":""},"class_list":["post-5736","page","type-page","status-publish","has-post-thumbnail","hentry"],"acf":[],"yoast_head":"<!-- This site is optimized with the Yoast SEO Premium plugin v27.3 (Yoast SEO v27.3) - https:\/\/yoast.com\/product\/yoast-seo-premium-wordpress\/ -->\n<title>Opas: Kuinka luoda konsulteille ammattimaiset CV:t? - Cinode<\/title>\n<meta name=\"description\" content=\"Konsultprofilen avg\u00f6r dina chanser till uppdrag. Gratis guide f\u00f6r hur du skriver och utformar din konsultprofil p\u00e5 b\u00e4sta s\u00e4tt.|Konsultprofilen avg\u00f6r dina chanser till uppdrag. Gratis guide f\u00f6r hur du skriver och utformar din konsultprofil p\u00e5 b\u00e4sta s\u00e4tt.\" \/>\n<meta name=\"robots\" content=\"index, follow, max-snippet:-1, max-image-preview:large, max-video-preview:-1\" \/>\n<link rel=\"canonical\" href=\"https:\/\/cinode.com\/fi\/kuinka-luoda-konsulteille-ammattimaiset-cvt\/\" \/>\n<meta property=\"og:locale\" content=\"fi_FI\" \/>\n<meta property=\"og:type\" content=\"article\" \/>\n<meta property=\"og:title\" content=\"Opas: Kuinka luoda konsulteille ammattimaiset CV:t?\" \/>\n<meta property=\"og:description\" content=\"Konsultprofilen avg\u00f6r dina chanser till uppdrag. Gratis guide f\u00f6r hur du skriver och utformar din konsultprofil p\u00e5 b\u00e4sta s\u00e4tt.|Konsultprofilen avg\u00f6r dina chanser till uppdrag. Gratis guide f\u00f6r hur du skriver och utformar din konsultprofil p\u00e5 b\u00e4sta s\u00e4tt.\" \/>\n<meta property=\"og:url\" content=\"https:\/\/cinode.com\/fi\/kuinka-luoda-konsulteille-ammattimaiset-cvt\/\" \/>\n<meta property=\"og:site_name\" content=\"Cinode\" \/>\n<meta property=\"article:publisher\" content=\"https:\/\/www.facebook.com\/Cinode\/\" \/>\n<meta property=\"article:modified_time\" content=\"2021-12-21T18:40:40+00:00\" \/>\n<meta name=\"twitter:card\" content=\"summary_large_image\" \/>\n<script type=\"application\/ld+json\" class=\"yoast-schema-graph\">{\"@context\":\"https:\\\/\\\/schema.org\",\"@graph\":[{\"@type\":\"WebPage\",\"@id\":\"https:\\\/\\\/cinode.com\\\/fi\\\/kuinka-luoda-konsulteille-ammattimaiset-cvt\\\/\",\"url\":\"https:\\\/\\\/cinode.com\\\/fi\\\/kuinka-luoda-konsulteille-ammattimaiset-cvt\\\/\",\"name\":\"Opas: Kuinka luoda konsulteille ammattimaiset CV:t? - Cinode\",\"isPartOf\":{\"@id\":\"https:\\\/\\\/cinode.com\\\/fi\\\/#website\"},\"primaryImageOfPage\":{\"@id\":\"https:\\\/\\\/cinode.com\\\/fi\\\/kuinka-luoda-konsulteille-ammattimaiset-cvt\\\/#primaryimage\"},\"image\":{\"@id\":\"https:\\\/\\\/cinode.com\\\/fi\\\/kuinka-luoda-konsulteille-ammattimaiset-cvt\\\/#primaryimage\"},\"thumbnailUrl\":\"https:\\\/\\\/cinode.com\\\/wp-content\\\/uploads\\\/2021\\\/03\\\/skills_cv.svg\",\"datePublished\":\"2018-03-21T17:27:55+00:00\",\"dateModified\":\"2021-12-21T18:40:40+00:00\",\"description\":\"Konsultprofilen avg\u00f6r dina chanser till uppdrag. Gratis guide f\u00f6r hur du skriver och utformar din konsultprofil p\u00e5 b\u00e4sta s\u00e4tt.|Konsultprofilen avg\u00f6r dina chanser till uppdrag. Gratis guide f\u00f6r hur du skriver och utformar din konsultprofil p\u00e5 b\u00e4sta s\u00e4tt.\",\"breadcrumb\":{\"@id\":\"https:\\\/\\\/cinode.com\\\/fi\\\/kuinka-luoda-konsulteille-ammattimaiset-cvt\\\/#breadcrumb\"},\"inLanguage\":\"fi\",\"potentialAction\":[{\"@type\":\"ReadAction\",\"target\":[\"https:\\\/\\\/cinode.com\\\/fi\\\/kuinka-luoda-konsulteille-ammattimaiset-cvt\\\/\"]}]},{\"@type\":\"ImageObject\",\"inLanguage\":\"fi\",\"@id\":\"https:\\\/\\\/cinode.com\\\/fi\\\/kuinka-luoda-konsulteille-ammattimaiset-cvt\\\/#primaryimage\",\"url\":\"https:\\\/\\\/cinode.com\\\/wp-content\\\/uploads\\\/2021\\\/03\\\/skills_cv.svg\",\"contentUrl\":\"https:\\\/\\\/cinode.com\\\/wp-content\\\/uploads\\\/2021\\\/03\\\/skills_cv.svg\",\"caption\":\"Cv-import cv:n\"},{\"@type\":\"BreadcrumbList\",\"@id\":\"https:\\\/\\\/cinode.com\\\/fi\\\/kuinka-luoda-konsulteille-ammattimaiset-cvt\\\/#breadcrumb\",\"itemListElement\":[{\"@type\":\"ListItem\",\"position\":1,\"name\":\"Home\",\"item\":\"https:\\\/\\\/cinode.com\\\/fi\\\/\"},{\"@type\":\"ListItem\",\"position\":2,\"name\":\"Opas: Kuinka luoda konsulteille ammattimaiset CV:t?\"}]},{\"@type\":\"WebSite\",\"@id\":\"https:\\\/\\\/cinode.com\\\/fi\\\/#website\",\"url\":\"https:\\\/\\\/cinode.com\\\/fi\\\/\",\"name\":\"Cinode.com\",\"description\":\"The all-in-one platform that boost your consultancy&#039;s growth.\",\"publisher\":{\"@id\":\"https:\\\/\\\/cinode.com\\\/fi\\\/#organization\"},\"potentialAction\":[{\"@type\":\"SearchAction\",\"target\":{\"@type\":\"EntryPoint\",\"urlTemplate\":\"https:\\\/\\\/cinode.com\\\/fi\\\/?s={search_term_string}\"},\"query-input\":{\"@type\":\"PropertyValueSpecification\",\"valueRequired\":true,\"valueName\":\"search_term_string\"}}],\"inLanguage\":\"fi\"},{\"@type\":[\"Organization\",\"Place\"],\"@id\":\"https:\\\/\\\/cinode.com\\\/fi\\\/#organization\",\"name\":\"Cinode\",\"url\":\"https:\\\/\\\/cinode.com\\\/fi\\\/\",\"logo\":{\"@id\":\"https:\\\/\\\/cinode.com\\\/fi\\\/kuinka-luoda-konsulteille-ammattimaiset-cvt\\\/#local-main-organization-logo\"},\"image\":{\"@id\":\"https:\\\/\\\/cinode.com\\\/fi\\\/kuinka-luoda-konsulteille-ammattimaiset-cvt\\\/#local-main-organization-logo\"},\"sameAs\":[\"https:\\\/\\\/www.facebook.com\\\/Cinode\\\/\",\"https:\\\/\\\/se.linkedin.com\\\/company\\\/cinode\"],\"address\":{\"@id\":\"https:\\\/\\\/cinode.com\\\/fi\\\/kuinka-luoda-konsulteille-ammattimaiset-cvt\\\/#local-main-place-address\"},\"telephone\":[],\"openingHoursSpecification\":[{\"@type\":\"OpeningHoursSpecification\",\"dayOfWeek\":[\"Monday\",\"Tuesday\",\"Wednesday\",\"Thursday\",\"Friday\",\"Saturday\",\"Sunday\"],\"opens\":\"09:00\",\"closes\":\"17:00\"}]},{\"@type\":\"PostalAddress\",\"@id\":\"https:\\\/\\\/cinode.com\\\/fi\\\/kuinka-luoda-konsulteille-ammattimaiset-cvt\\\/#local-main-place-address\",\"streetAddress\":\"Olof Palmesgata 11\",\"addressLocality\":\"Stockholm\",\"postalCode\":\"11827\",\"addressCountry\":\"SE\"},{\"@type\":\"ImageObject\",\"inLanguage\":\"fi\",\"@id\":\"https:\\\/\\\/cinode.com\\\/fi\\\/kuinka-luoda-konsulteille-ammattimaiset-cvt\\\/#local-main-organization-logo\",\"url\":\"https:\\\/\\\/cinode.com\\\/wp-content\\\/uploads\\\/2023\\\/01\\\/Cinode_logo_orange.png\",\"contentUrl\":\"https:\\\/\\\/cinode.com\\\/wp-content\\\/uploads\\\/2023\\\/01\\\/Cinode_logo_orange.png\",\"width\":1000,\"height\":254,\"caption\":\"Cinode\"}]}<\/script>\n<meta name=\"geo.placename\" content=\"Stockholm\" \/>\n<meta name=\"geo.region\" content=\"Ruotsi\" \/>\n<!-- \/ Yoast SEO Premium plugin. -->","yoast_head_json":{"title":"Opas: Kuinka luoda konsulteille ammattimaiset CV:t? - Cinode","description":"Konsultprofilen avg\u00f6r dina chanser till uppdrag. Gratis guide f\u00f6r hur du skriver och utformar din konsultprofil p\u00e5 b\u00e4sta s\u00e4tt.|Konsultprofilen avg\u00f6r dina chanser till uppdrag. Gratis guide f\u00f6r hur du skriver och utformar din konsultprofil p\u00e5 b\u00e4sta s\u00e4tt.","robots":{"index":"index","follow":"follow","max-snippet":"max-snippet:-1","max-image-preview":"max-image-preview:large","max-video-preview":"max-video-preview:-1"},"canonical":"https:\/\/cinode.com\/fi\/kuinka-luoda-konsulteille-ammattimaiset-cvt\/","og_locale":"fi_FI","og_type":"article","og_title":"Opas: Kuinka luoda konsulteille ammattimaiset CV:t?","og_description":"Konsultprofilen avg\u00f6r dina chanser till uppdrag. Gratis guide f\u00f6r hur du skriver och utformar din konsultprofil p\u00e5 b\u00e4sta s\u00e4tt.|Konsultprofilen avg\u00f6r dina chanser till uppdrag. Gratis guide f\u00f6r hur du skriver och utformar din konsultprofil p\u00e5 b\u00e4sta s\u00e4tt.","og_url":"https:\/\/cinode.com\/fi\/kuinka-luoda-konsulteille-ammattimaiset-cvt\/","og_site_name":"Cinode","article_publisher":"https:\/\/www.facebook.com\/Cinode\/","article_modified_time":"2021-12-21T18:40:40+00:00","twitter_card":"summary_large_image","schema":{"@context":"https:\/\/schema.org","@graph":[{"@type":"WebPage","@id":"https:\/\/cinode.com\/fi\/kuinka-luoda-konsulteille-ammattimaiset-cvt\/","url":"https:\/\/cinode.com\/fi\/kuinka-luoda-konsulteille-ammattimaiset-cvt\/","name":"Opas: Kuinka luoda konsulteille ammattimaiset CV:t? - Cinode","isPartOf":{"@id":"https:\/\/cinode.com\/fi\/#website"},"primaryImageOfPage":{"@id":"https:\/\/cinode.com\/fi\/kuinka-luoda-konsulteille-ammattimaiset-cvt\/#primaryimage"},"image":{"@id":"https:\/\/cinode.com\/fi\/kuinka-luoda-konsulteille-ammattimaiset-cvt\/#primaryimage"},"thumbnailUrl":"https:\/\/cinode.com\/wp-content\/uploads\/2021\/03\/skills_cv.svg","datePublished":"2018-03-21T17:27:55+00:00","dateModified":"2021-12-21T18:40:40+00:00","description":"Konsultprofilen avg\u00f6r dina chanser till uppdrag. Gratis guide f\u00f6r hur du skriver och utformar din konsultprofil p\u00e5 b\u00e4sta s\u00e4tt.|Konsultprofilen avg\u00f6r dina chanser till uppdrag. Gratis guide f\u00f6r hur du skriver och utformar din konsultprofil p\u00e5 b\u00e4sta s\u00e4tt.","breadcrumb":{"@id":"https:\/\/cinode.com\/fi\/kuinka-luoda-konsulteille-ammattimaiset-cvt\/#breadcrumb"},"inLanguage":"fi","potentialAction":[{"@type":"ReadAction","target":["https:\/\/cinode.com\/fi\/kuinka-luoda-konsulteille-ammattimaiset-cvt\/"]}]},{"@type":"ImageObject","inLanguage":"fi","@id":"https:\/\/cinode.com\/fi\/kuinka-luoda-konsulteille-ammattimaiset-cvt\/#primaryimage","url":"https:\/\/cinode.com\/wp-content\/uploads\/2021\/03\/skills_cv.svg","contentUrl":"https:\/\/cinode.com\/wp-content\/uploads\/2021\/03\/skills_cv.svg","caption":"Cv-import cv:n"},{"@type":"BreadcrumbList","@id":"https:\/\/cinode.com\/fi\/kuinka-luoda-konsulteille-ammattimaiset-cvt\/#breadcrumb","itemListElement":[{"@type":"ListItem","position":1,"name":"Home","item":"https:\/\/cinode.com\/fi\/"},{"@type":"ListItem","position":2,"name":"Opas: Kuinka luoda konsulteille ammattimaiset CV:t?"}]},{"@type":"WebSite","@id":"https:\/\/cinode.com\/fi\/#website","url":"https:\/\/cinode.com\/fi\/","name":"Cinode.com","description":"The all-in-one platform that boost your consultancy&#039;s growth.","publisher":{"@id":"https:\/\/cinode.com\/fi\/#organization"},"potentialAction":[{"@type":"SearchAction","target":{"@type":"EntryPoint","urlTemplate":"https:\/\/cinode.com\/fi\/?s={search_term_string}"},"query-input":{"@type":"PropertyValueSpecification","valueRequired":true,"valueName":"search_term_string"}}],"inLanguage":"fi"},{"@type":["Organization","Place"],"@id":"https:\/\/cinode.com\/fi\/#organization","name":"Cinode","url":"https:\/\/cinode.com\/fi\/","logo":{"@id":"https:\/\/cinode.com\/fi\/kuinka-luoda-konsulteille-ammattimaiset-cvt\/#local-main-organization-logo"},"image":{"@id":"https:\/\/cinode.com\/fi\/kuinka-luoda-konsulteille-ammattimaiset-cvt\/#local-main-organization-logo"},"sameAs":["https:\/\/www.facebook.com\/Cinode\/","https:\/\/se.linkedin.com\/company\/cinode"],"address":{"@id":"https:\/\/cinode.com\/fi\/kuinka-luoda-konsulteille-ammattimaiset-cvt\/#local-main-place-address"},"telephone":[],"openingHoursSpecification":[{"@type":"OpeningHoursSpecification","dayOfWeek":["Monday","Tuesday","Wednesday","Thursday","Friday","Saturday","Sunday"],"opens":"09:00","closes":"17:00"}]},{"@type":"PostalAddress","@id":"https:\/\/cinode.com\/fi\/kuinka-luoda-konsulteille-ammattimaiset-cvt\/#local-main-place-address","streetAddress":"Olof Palmesgata 11","addressLocality":"Stockholm","postalCode":"11827","addressCountry":"SE"},{"@type":"ImageObject","inLanguage":"fi","@id":"https:\/\/cinode.com\/fi\/kuinka-luoda-konsulteille-ammattimaiset-cvt\/#local-main-organization-logo","url":"https:\/\/cinode.com\/wp-content\/uploads\/2023\/01\/Cinode_logo_orange.png","contentUrl":"https:\/\/cinode.com\/wp-content\/uploads\/2023\/01\/Cinode_logo_orange.png","width":1000,"height":254,"caption":"Cinode"}]},"geo.placename":"Stockholm","geo.region":"Ruotsi"},"_links":{"self":[{"href":"https:\/\/cinode.com\/fi\/wp-json\/wp\/v2\/pages\/5736","targetHints":{"allow":["GET"]}}],"collection":[{"href":"https:\/\/cinode.com\/fi\/wp-json\/wp\/v2\/pages"}],"about":[{"href":"https:\/\/cinode.com\/fi\/wp-json\/wp\/v2\/types\/page"}],"author":[{"embeddable":true,"href":"https:\/\/cinode.com\/fi\/wp-json\/wp\/v2\/users\/1"}],"replies":[{"embeddable":true,"href":"https:\/\/cinode.com\/fi\/wp-json\/wp\/v2\/comments?post=5736"}],"version-history":[{"count":0,"href":"https:\/\/cinode.com\/fi\/wp-json\/wp\/v2\/pages\/5736\/revisions"}],"wp:featuredmedia":[{"embeddable":true,"href":"https:\/\/cinode.com\/fi\/wp-json\/wp\/v2\/media\/9311"}],"wp:attachment":[{"href":"https:\/\/cinode.com\/fi\/wp-json\/wp\/v2\/media?parent=5736"}],"curies":[{"name":"wp","href":"https:\/\/api.w.org\/{rel}","templated":true}]}}